{"id":249,"date":"2020-05-01T15:57:15","date_gmt":"2020-05-01T13:57:15","guid":{"rendered":"http:\/\/www.magazinmacher.de\/?page_id=249"},"modified":"2023-10-28T16:33:34","modified_gmt":"2023-10-28T14:33:34","slug":"leistungen","status":"publish","type":"page","link":"https:\/\/www.magazinmacher.de\/index.php\/leistungen\/","title":{"rendered":"Referenzen"},"content":{"rendered":"\n<figure class=\"wp-block-image size-large is-resized\"><img loading=\"lazy\" decoding=\"async\" width=\"400\" height=\"230\" src=\"https:\/\/www.magazinmacher.de\/wp-content\/uploads\/2020\/05\/die-bw-400x230-1.jpg\" alt=\"\" class=\"wp-image-278\" style=\"width:400px;height:230px\" srcset=\"https:\/\/www.magazinmacher.de\/wp-content\/uploads\/2020\/05\/die-bw-400x230-1.jpg 400w, https:\/\/www.magazinmacher.de\/wp-content\/uploads\/2020\/05\/die-bw-400x230-1-300x173.jpg 300w\" sizes=\"auto, (max-width: 400px) 100vw, 400px\" \/><\/figure>\n\n\n\n<p><strong>Rainer Ro\u00dfbach<\/strong>, Kommunikation-Design (Diplom)<\/p>\n\n\n\n<p>Ausbildung zum Schriftsetzer (ganz klassisch als Handwerk mit Bleilettern)<br>Studium der Freien Grafik und des Kommunikations-Design an der Universit\u00e4t Wuppertal<\/p>\n\n\n\n<p>Von Bonn aus arbeite ich als Kommunikations-Designer, Illustrator und freier K\u00fcnstler. Der Fokus meiner Auftragsarbeiten liegt auf Zeitschriftenlayouts und dem Gestalten von B\u00fcchern f\u00fcr namhafte Verlage und Institutionen.<\/p>\n\n\n\n<p>Von 1998 bis 2021 habe ich das Verbandsmagazin <strong>&#8222;Die Bundeswehr&#8220; <\/strong>des deutschen BundeswehrVerbandes layoutet. Dieses erscheint monatlich in einem Umfang zwischen 88 und 104 Seiten und wird in einer Auflage von 170.000 Exemplaren gedruckt.<\/p>\n\n\n\n<p>Seit 2006 sind B\u00fccher in Zusammenarbeit mit anderen Autoren entstanden. Arbeit an B\u00fcchern meint aber nicht nur das Schreiben, sondern auch die Konzeption, die Bildredaktion, die Gestaltung sowie den kompletten Produktionsprozess bis hin zum Druck.&nbsp;<\/p>\n\n\n\n<p>Zus\u00e4tzlich zu den Buchprojekten entstehen seit 2007 k\u00fcnstlerische Grafiken zu Rennsportthemen, die Eingang in private und \u00f6ffentliche Kollektionen wie etwa das RingWerk (Rennsportmuseum des N\u00fcrburgring) gefunden haben.<\/p>\n\n\n\n<p>Au\u00dferdem m\u00f6chte ich noch auf meinen Internet-Blog \u201eenzo &amp; ferdinand <a href=\"http:\/\/www.enzo-und-ferdinand.de\" target=\"_blank\" rel=\"noreferrer noopener\">(www.enzo-und-ferdinand.de<\/a>)\u201c  hinweisen, der sich mit schnellen, exotischen und innovativen Fahrzeugen und Konzepten befasst.<\/p>\n\n\n\n<p><strong>Projekte realisiert f\u00fcr:<\/strong><br>Historisches Archiv Porsche AG, Stuttgart, Edition Porsche Museum<br>McKlein Publishing, K\u00f6ln<br>Delius Klasing Verlag, Bielefeld, <br>Heel Verlag, K\u00f6nigswinter,<br>Deutscher BundeswehrVerband, Berlin<br>3M Deutschland, Neuss<br> Akademisches Kunstmuseum, Bonn,<br> NordLB, Hannover, <br>DBV Versicherungen, Wiesbaden, <br>Bundesministerium f\u00fcr Wirtschaft, Berlin,<br>Presse- und Informationsamt der Bundesregierung, Berlin,<br>Verein Deutscher Hypothekenbanken, Frankfurt,<br>AKZO Deutschland, K\u00f6ln,<br>Marzellen Verlag, K\u00f6ln<br>Nieders\u00e4chsische Landestreuhandstelle, Hannover<br>Gr\u00e4flich Berghe von Trips\u2018sche Sportstiftung zu Burg Hemmersbach, Kerpen<br>und weitere \u2026<\/p>\n","protected":false},"excerpt":{"rendered":"<p>Rainer Ro\u00dfbach, Kommunikation-Design (Diplom) Ausbildung zum Schriftsetzer (ganz klassisch als Handwerk mit Bleilettern)Studium der Freien Grafik und des Kommunikations-Design an der Universit\u00e4t Wuppertal Von Bonn aus arbeite ich als Kommunikations-Designer, Illustrator und freier K\u00fcnstler. Der Fokus meiner Auftragsarbeiten liegt auf Zeitschriftenlayouts und dem Gestalten von B\u00fcchern f\u00fcr namhafte Verlage und Institutionen. Von 1998 bis 2021 [&hellip;]<\/p>\n","protected":false},"author":2,"featured_media":0,"parent":0,"menu_order":0,"comment_status":"closed","ping_status":"closed","template":"","meta":{"footnotes":""},"class_list":["post-249","page","type-page","status-publish","hentry"],"_links":{"self":[{"href":"https:\/\/www.magazinmacher.de\/index.php\/wp-json\/wp\/v2\/pages\/249","targetHints":{"allow":["GET"]}}],"collection":[{"href":"https:\/\/www.magazinmacher.de\/index.php\/wp-json\/wp\/v2\/pages"}],"about":[{"href":"https:\/\/www.magazinmacher.de\/index.php\/wp-json\/wp\/v2\/types\/page"}],"author":[{"embeddable":true,"href":"https:\/\/www.magazinmacher.de\/index.php\/wp-json\/wp\/v2\/users\/2"}],"replies":[{"embeddable":true,"href":"https:\/\/www.magazinmacher.de\/index.php\/wp-json\/wp\/v2\/comments?post=249"}],"version-history":[{"count":20,"href":"https:\/\/www.magazinmacher.de\/index.php\/wp-json\/wp\/v2\/pages\/249\/revisions"}],"predecessor-version":[{"id":665,"href":"https:\/\/www.magazinmacher.de\/index.php\/wp-json\/wp\/v2\/pages\/249\/revisions\/665"}],"wp:attachment":[{"href":"https:\/\/www.magazinmacher.de\/index.php\/wp-json\/wp\/v2\/media?parent=249"}],"curies":[{"name":"wp","href":"https:\/\/api.w.org\/{rel}","templated":true}]}}