{"id":87,"date":"2020-04-30T10:48:40","date_gmt":"2020-04-30T08:48:40","guid":{"rendered":"http:\/\/www.magazinmacher.de\/?page_id=87"},"modified":"2025-07-17T14:29:48","modified_gmt":"2025-07-17T12:29:48","slug":"impressum","status":"publish","type":"page","link":"https:\/\/www.magazinmacher.de\/index.php\/impressum\/","title":{"rendered":"Impressum"},"content":{"rendered":"\n<p><strong>Inhaltlich verantwortlich:<\/strong><\/p>\n\n\n\n<p><strong>Rainer Ro\u00dfbach (Dipl. Des.)<br>Grafik-Design<\/strong><br>Am Hammer 19<br>D-53545 Linz am Rhein<br> Germany<br> fon +49 (0)170 4849532<br> email: rainer.rossbach@t-online.de<br> St.Nr.: 205\/5249\/3909<\/p>\n\n\n\n<p><strong>Nutzungshinweise\/Haftung<\/strong><\/p>\n\n\n\n<p>Wir haben die in diesem Internetangebot enthaltenen Informationen sorgf\u00e4ltig erstellt und sind um laufende \u00dcberpr\u00fcfung und Aktualisierung bem\u00fcht. F\u00fcr die Richtigkeit, Vollst\u00e4ndigkeit und Aktualit\u00e4t dieser Inhalte k\u00f6nnen wir dennoch keine Haftung \u00fcbernehmen. Gleiches gilt auch f\u00fcr Inhalte externer Websites, auf die wir \u00fcber Links hinweisen sollten und auf die \u00bbRainer Ro\u00dfbach \/ Kommunikationsdesign\u00ab keinen Einfluss hat.<\/p>\n\n\n\n<p>Die Verwendung der Kontaktdaten des Impressums zur gewerblichen Werbung ist ausdr\u00fccklich nicht erw\u00fcnscht, es sei denn der Anbieter hatte zuvor seine schriftliche Einwilligung erteilt oder es besteht bereits eine Gesch\u00e4ftsbeziehung. Der Anbieter und alle auf dieser Website genannten Personen widersprechen hiermit jeder kommerziellen Verwendung und Weitergabe ihrer Daten.<\/p>\n\n\n\n<p><strong>&nbsp;Urheberrechtshinweise<\/strong><\/p>\n\n\n\n<p>Alle auf dieser Website ver\u00f6ffentlichten Beitr\u00e4ge und Abbildungen sind urheberrechtlich gesch\u00fctzt. \u00bbRainer Ro\u00dfbach \/ Kommunikationsdesign\u00ab ist Inhaberin der ausschlie\u00dflichen Nutzungsrechte an den vorgehaltenen Inhalten gem. \u00a7 31 Abs. 3 Urheberrechtsgesetz. Jede vom Urheberrechtsgesetz nicht zugelassene Verwertung bedarf vorheriger schriftlicher Zustimmung von \u00bbRainer Ro\u00dfbach \/ Kommunikationsdesign\u00ab. Dies gilt insbesondere f\u00fcr Vervielf\u00e4ltigung, Bearbeitung, \u00dcbersetzung, Einspeicherung, Verarbeitung bzw. Wiedergabe von Inhalten in Datenbanken oder anderen elektronischen Medien und Systemen. Fotokopien und Downloads von Web-Seiten d\u00fcrfen nur f\u00fcr den pers\u00f6nlichen, privaten und nicht kommerziellen Gebrauch hergestellt werden.<\/p>\n\n\n\n<p><strong>Kommunikation per E-mail<\/strong><\/p>\n\n\n\n<p>Kommunikation via E-Mail kann Sicherheitsl\u00fccken aufweisen. Beispielsweise k\u00f6nnen E-Mails auf ihrem Weg an uns von versierten Internet-Nutzern aufgehalten und eingesehen werden. Sollten wir eine unverschl\u00fcsselte E-Mail von Ihnen erhalten, so gehen wir davon aus, dass wir zu einer Beantwortung per unverschl\u00fcsselter E-Mail berechtigt sind. Ansonsten m\u00fcssen Sie ausdr\u00fccklich auf eine andere Art der Kommunikation verweisen.<\/p>\n\n\n\n<p><strong>Keine Abmahnung ohne vorherige Kontaktaufnahme<\/strong><\/p>\n\n\n\n<p>Im Falle von wettbewerbsrechtlichen, domainrechtlichen, urheberrechtlichen oder \u00e4hnlichen Problemen bitten wir Sie, uns zur Vermeidung unn\u00f6tiger Rechtsstreite und Kosten bereits im Vorfeld zu kontaktieren. Wir garantieren, dass zu Recht beanstandete Passagen unverz\u00fcglich entfernt werden, ohne dass von Ihrer Seite die Einschaltung eines Rechtsbeistandes erforderlich ist. Die Kostennote einer anwaltlichen Abmahnung ohne vorhergehende Kontaktaufnahme mit uns wird im Sinne der Schadensminderungspflicht als unbegr\u00fcndet zur\u00fcckgewiesen und gegebenenfalls Gegenklage wegen Verletzung vorgenannter Bestimmungen erhoben.<\/p>\n\n\n\n<hr class=\"wp-block-separator has-css-opacity\"\/>\n","protected":false},"excerpt":{"rendered":"<p>Inhaltlich verantwortlich: Rainer Ro\u00dfbach (Dipl. Des.)Grafik-DesignAm Hammer 19D-53545 Linz am Rhein Germany fon +49 (0)170 4849532 email: rainer.rossbach@t-online.de St.Nr.: 205\/5249\/3909 Nutzungshinweise\/Haftung Wir haben die in diesem Internetangebot enthaltenen Informationen sorgf\u00e4ltig erstellt und sind um laufende \u00dcberpr\u00fcfung und Aktualisierung bem\u00fcht. F\u00fcr die Richtigkeit, Vollst\u00e4ndigkeit und Aktualit\u00e4t dieser Inhalte k\u00f6nnen wir dennoch keine Haftung \u00fcbernehmen. Gleiches gilt [&hellip;]<\/p>\n","protected":false},"author":2,"featured_media":0,"parent":0,"menu_order":0,"comment_status":"closed","ping_status":"closed","template":"","meta":{"footnotes":""},"class_list":["post-87","page","type-page","status-publish","hentry"],"_links":{"self":[{"href":"https:\/\/www.magazinmacher.de\/index.php\/wp-json\/wp\/v2\/pages\/87","targetHints":{"allow":["GET"]}}],"collection":[{"href":"https:\/\/www.magazinmacher.de\/index.php\/wp-json\/wp\/v2\/pages"}],"about":[{"href":"https:\/\/www.magazinmacher.de\/index.php\/wp-json\/wp\/v2\/types\/page"}],"author":[{"embeddable":true,"href":"https:\/\/www.magazinmacher.de\/index.php\/wp-json\/wp\/v2\/users\/2"}],"replies":[{"embeddable":true,"href":"https:\/\/www.magazinmacher.de\/index.php\/wp-json\/wp\/v2\/comments?post=87"}],"version-history":[{"count":9,"href":"https:\/\/www.magazinmacher.de\/index.php\/wp-json\/wp\/v2\/pages\/87\/revisions"}],"predecessor-version":[{"id":787,"href":"https:\/\/www.magazinmacher.de\/index.php\/wp-json\/wp\/v2\/pages\/87\/revisions\/787"}],"wp:attachment":[{"href":"https:\/\/www.magazinmacher.de\/index.php\/wp-json\/wp\/v2\/media?parent=87"}],"curies":[{"name":"wp","href":"https:\/\/api.w.org\/{rel}","templated":true}]}}